{"id":96073,"date":"2025-07-08T16:52:57","date_gmt":"2025-07-08T13:52:57","guid":{"rendered":"https:\/\/www.internistore.com\/product\/stay-outdoor-bed-earth-boucle-120x190xh50\/"},"modified":"2025-07-08T16:52:57","modified_gmt":"2025-07-08T13:52:57","slug":"stay-outdoor-bed-earth-boucle-120x190xh50","status":"publish","type":"product","link":"https:\/\/www.internistore.com\/en\/product\/stay-outdoor-bed-earth-boucle-120x190xh50\/","title":{"rendered":"Stay Outdoor Bed &#8211; Earth Boucl\u00e9, 120\u00d7190\u00d7H50"},"content":{"rendered":"<p>Designed for total comfort and built for outdoor durability, the Stay Outdoor Bed in Earth Boucl\u00e9 by kaschkasch transforms your garden or terrace into a serene escape. With luxurious texture and advanced technical features, it\u2019s ready for all seasons.<\/p>\n<p>\u25cf Boucl\u00e9 fabric cover \u2013 Water-repellent, durable and stylishly textured<br \/>\n\u25cf Filled with EPS beads \u2013 Adaptable comfort and ergonomic support<br \/>\n\u25cf Waterproof inner liner \u2013 Protects against moisture and mildew<br \/>\n\u25cf UV resistant (ISO 105B02, grade 6) \u2013 Maintains colour over time<br \/>\n\u25cf Double-layer premium base \u2013 Resists wear, easy to maintain<br \/>\n\u25cf Dimensions &#8211; 120 \u00d7 190 \u00d7 H50 cm | Seat height &#8211; 35 cm | Colour &#8211; Earth Boucl\u00e9<\/p>\n<p>Stay is the ultimate outdoor lounger\u2014dependable, minimal, and designed to make your outdoor life easier and more enjoyable.<\/p>\n<p>Upgrade your outdoor comfort with the Stay Outdoor Bed. Order now and enjoy free shipping across Aticca!<\/p>\n","protected":false},"excerpt":{"rendered":"<p>Designed for total comfort and built for outdoor durability, the Stay Outdoor Bed in Earth Boucl\u00e9 by kaschkasch transforms your garden or terrace into a serene escape. With luxurious texture and advanced technical features, it\u2019s ready for all seasons.<\/p>\n<p>\u25cf Boucl\u00e9 fabric cover \u2013 Water-repellent, durable and stylishly textured<br \/>\n\u25cf Filled with EPS beads \u2013 Adaptable comfort and ergonomic support<br \/>\n\u25cf Waterproof inner liner \u2013 Protects against moisture and mildew<br \/>\n\u25cf UV resistant (ISO 105B02, grade 6) \u2013 Maintains colour over time<br \/>\n\u25cf Double-layer premium base \u2013 Resists wear, easy to maintain<br \/>\n\u25cf Dimensions &#8211; 120 \u00d7 190 \u00d7 H50 cm | Seat height &#8211; 35 cm | Colour &#8211; Earth Boucl\u00e9<\/p>\n<p>Stay is the ultimate outdoor lounger\u2014dependable, minimal, and designed to make your outdoor life easier and more enjoyable.<\/p>\n<p>Upgrade your outdoor comfort with the Stay Outdoor Bed. Order now and enjoy free shipping across Aticca!<\/p>\n","protected":false},"featured_media":96070,"template":"","meta":{"_acf_changed":false,"_et_pb_use_builder":"","_et_pb_old_content":"","_et_gb_content_width":""},"product_brand":[],"product_cat":[1206,58,235],"product_tag":[],"class_list":{"0":"post-96073","1":"product","2":"type-product","3":"status-publish","4":"has-post-thumbnail","6":"product_cat-internistore-sale-en","7":"product_cat-outdoors","8":"product_cat-sunbeds","9":"pa_manufacturer-blomus","11":"first","12":"instock","13":"taxable","14":"shipping-taxable","15":"purchasable","16":"product-type-simple"},"acf":[],"_links":{"self":[{"href":"https:\/\/www.internistore.com\/en\/wp-json\/wp\/v2\/product\/96073","targetHints":{"allow":["GET"]}}],"collection":[{"href":"https:\/\/www.internistore.com\/en\/wp-json\/wp\/v2\/product"}],"about":[{"href":"https:\/\/www.internistore.com\/en\/wp-json\/wp\/v2\/types\/product"}],"wp:featuredmedia":[{"embeddable":true,"href":"https:\/\/www.internistore.com\/en\/wp-json\/wp\/v2\/media\/96070"}],"wp:attachment":[{"href":"https:\/\/www.internistore.com\/en\/wp-json\/wp\/v2\/media?parent=96073"}],"wp:term":[{"taxonomy":"product_brand","embeddable":true,"href":"https:\/\/www.internistore.com\/en\/wp-json\/wp\/v2\/product_brand?post=96073"},{"taxonomy":"product_cat","embeddable":true,"href":"https:\/\/www.internistore.com\/en\/wp-json\/wp\/v2\/product_cat?post=96073"},{"taxonomy":"product_tag","embeddable":true,"href":"https:\/\/www.internistore.com\/en\/wp-json\/wp\/v2\/product_tag?post=96073"}],"curies":[{"name":"wp","href":"https:\/\/api.w.org\/{rel}","templated":true}]}}