{"id":87978,"date":"2024-11-26T10:33:47","date_gmt":"2024-11-26T08:33:47","guid":{"rendered":"https:\/\/www.internistore.com\/product\/zebre-scented-candle-s\/"},"modified":"2024-11-26T10:33:47","modified_gmt":"2024-11-26T08:33:47","slug":"zebre-scented-candle-s","status":"publish","type":"product","link":"https:\/\/www.internistore.com\/en\/product\/zebre-scented-candle-s\/","title":{"rendered":"Z\u00e9br\u00e9 Scented Candle S"},"content":{"rendered":"<p>Refresh your space with the striking Z\u00e9br\u00e9 scented candle, blending exotic aesthetics with luxury. Its unique ceramic zebra pattern adds a touch of elegance to your d\u00e9cor, while the 100% cotton wick ensures a clean burn. Perfect for bringing a sense of luxury and warmth to any corner of your home, the Z\u00e9br\u00e9 candle also serves as a stylish decorative piece.<\/p>\n<p>Dimensions: D7 cm<\/p>\n","protected":false},"excerpt":{"rendered":"<p>Refresh your space with the striking Z\u00e9br\u00e9 scented candle, blending exotic aesthetics with luxury. Its unique ceramic zebra pattern adds a touch of elegance to your d\u00e9cor, while the 100% cotton wick ensures a clean burn. Perfect for bringing a sense of luxury and warmth to any corner of your home, the Z\u00e9br\u00e9 candle also serves as a stylish decorative piece.<\/p>\n<p>Dimensions: D7 cm<\/p>\n","protected":false},"featured_media":87977,"template":"","meta":{"_acf_changed":false,"_et_pb_use_builder":"","_et_pb_old_content":"","_et_gb_content_width":""},"product_brand":[],"product_cat":[79,139,241],"product_tag":[],"class_list":{"0":"post-87978","1":"product","2":"type-product","3":"status-publish","4":"has-post-thumbnail","6":"product_cat-the-christmas-shop","7":"product_cat-decoration","8":"product_cat-candles-lanterns","9":"product_shipping_class-courier-safe","10":"pa_manufacturer-cote-bougie-en","12":"first","13":"instock","14":"taxable","15":"shipping-taxable","16":"purchasable","17":"product-type-simple"},"acf":[],"_links":{"self":[{"href":"https:\/\/www.internistore.com\/en\/wp-json\/wp\/v2\/product\/87978","targetHints":{"allow":["GET"]}}],"collection":[{"href":"https:\/\/www.internistore.com\/en\/wp-json\/wp\/v2\/product"}],"about":[{"href":"https:\/\/www.internistore.com\/en\/wp-json\/wp\/v2\/types\/product"}],"wp:featuredmedia":[{"embeddable":true,"href":"https:\/\/www.internistore.com\/en\/wp-json\/wp\/v2\/media\/87977"}],"wp:attachment":[{"href":"https:\/\/www.internistore.com\/en\/wp-json\/wp\/v2\/media?parent=87978"}],"wp:term":[{"taxonomy":"product_brand","embeddable":true,"href":"https:\/\/www.internistore.com\/en\/wp-json\/wp\/v2\/product_brand?post=87978"},{"taxonomy":"product_cat","embeddable":true,"href":"https:\/\/www.internistore.com\/en\/wp-json\/wp\/v2\/product_cat?post=87978"},{"taxonomy":"product_tag","embeddable":true,"href":"https:\/\/www.internistore.com\/en\/wp-json\/wp\/v2\/product_tag?post=87978"}],"curies":[{"name":"wp","href":"https:\/\/api.w.org\/{rel}","templated":true}]}}