{"id":49174,"date":"2022-05-30T16:56:33","date_gmt":"2022-05-30T16:56:33","guid":{"rendered":"https:\/\/internishop.fabulous.gr\/product\/set-3-stool-tables-natural-black\/"},"modified":"2022-06-01T13:52:28","modified_gmt":"2022-06-01T13:52:28","slug":"set-3-stool-tables-natural-black","status":"publish","type":"product","link":"https:\/\/www.internistore.com\/en\/product\/set-3-stool-tables-natural-black\/","title":{"rendered":"Set\/3 Stool\/Tables natural\/black"},"content":{"rendered":"<p>Set\/3 round stools\/tables in black\/natural color. Dimensions: \u00d860 X H30cm, \u00d848 X H24cm, \u00d836 X H19cm.<\/p>\n","protected":false},"excerpt":{"rendered":"<p>Set\/3 round stools\/tables in black\/natural color. Dimensions: \u00d860 X H30cm, \u00d848 X H24cm, \u00d836 X H19cm.<\/p>\n","protected":false},"featured_media":19524,"template":"","meta":{"_acf_changed":false,"_et_pb_use_builder":"","_et_pb_old_content":"","_et_gb_content_width":""},"product_brand":[],"product_cat":[231,137],"product_tag":[],"class_list":{"0":"post-49174","1":"product","2":"type-product","3":"status-publish","4":"has-post-thumbnail","6":"product_cat-stools","7":"product_cat-sitting","8":"pa_manufacturer-simla","10":"first","11":"outofstock","12":"taxable","13":"shipping-taxable","14":"purchasable","15":"product-type-simple"},"acf":[],"_links":{"self":[{"href":"https:\/\/www.internistore.com\/en\/wp-json\/wp\/v2\/product\/49174","targetHints":{"allow":["GET"]}}],"collection":[{"href":"https:\/\/www.internistore.com\/en\/wp-json\/wp\/v2\/product"}],"about":[{"href":"https:\/\/www.internistore.com\/en\/wp-json\/wp\/v2\/types\/product"}],"wp:featuredmedia":[{"embeddable":true,"href":"https:\/\/www.internistore.com\/en\/wp-json\/wp\/v2\/media\/19524"}],"wp:attachment":[{"href":"https:\/\/www.internistore.com\/en\/wp-json\/wp\/v2\/media?parent=49174"}],"wp:term":[{"taxonomy":"product_brand","embeddable":true,"href":"https:\/\/www.internistore.com\/en\/wp-json\/wp\/v2\/product_brand?post=49174"},{"taxonomy":"product_cat","embeddable":true,"href":"https:\/\/www.internistore.com\/en\/wp-json\/wp\/v2\/product_cat?post=49174"},{"taxonomy":"product_tag","embeddable":true,"href":"https:\/\/www.internistore.com\/en\/wp-json\/wp\/v2\/product_tag?post=49174"}],"curies":[{"name":"wp","href":"https:\/\/api.w.org\/{rel}","templated":true}]}}