{"id":48400,"date":"2022-05-30T15:42:56","date_gmt":"2022-05-30T15:42:56","guid":{"rendered":"https:\/\/internishop.fabulous.gr\/product\/set-3-baskets-citrus\/"},"modified":"2022-06-01T13:59:05","modified_gmt":"2022-06-01T13:59:05","slug":"set-3-baskets-citrus","status":"publish","type":"product","link":"https:\/\/www.internistore.com\/en\/product\/set-3-baskets-citrus\/","title":{"rendered":"Set\/3 Baskets Citrus"},"content":{"rendered":"<p><font style=\"vertical-align: inherit;\"><font style=\"vertical-align: inherit;\">Set\/3 baskets in natural color of palm leaves.<\/font><\/font>&nbsp;Dimensions: \u00d832 X H12cm, \u00d835 X H15cm, \u00d837 X H18cm.<\/p>\n","protected":false},"excerpt":{"rendered":"<p><font style=\"vertical-align: inherit;\"><font style=\"vertical-align: inherit;\">Set\/3 baskets in natural color of palm leaves.<\/font><\/font>&nbsp;Dimensions: \u00d832 X H12cm, \u00d835 X H15cm, \u00d837 X H18cm.<\/p>\n","protected":false},"featured_media":17253,"template":"","meta":{"_acf_changed":false,"_et_pb_use_builder":"","_et_pb_old_content":"","_et_gb_content_width":""},"product_brand":[],"product_cat":[58,139,252,274],"product_tag":[],"class_list":{"0":"post-48400","1":"product","2":"type-product","3":"status-publish","4":"has-post-thumbnail","6":"product_cat-outdoors","7":"product_cat-decoration","8":"product_cat-baskets","9":"product_cat-accesories-outdoor","10":"pa_manufacturer-tine-k-home","12":"first","13":"outofstock","14":"taxable","15":"shipping-taxable","16":"purchasable","17":"product-type-simple"},"acf":[],"_links":{"self":[{"href":"https:\/\/www.internistore.com\/en\/wp-json\/wp\/v2\/product\/48400","targetHints":{"allow":["GET"]}}],"collection":[{"href":"https:\/\/www.internistore.com\/en\/wp-json\/wp\/v2\/product"}],"about":[{"href":"https:\/\/www.internistore.com\/en\/wp-json\/wp\/v2\/types\/product"}],"wp:featuredmedia":[{"embeddable":true,"href":"https:\/\/www.internistore.com\/en\/wp-json\/wp\/v2\/media\/17253"}],"wp:attachment":[{"href":"https:\/\/www.internistore.com\/en\/wp-json\/wp\/v2\/media?parent=48400"}],"wp:term":[{"taxonomy":"product_brand","embeddable":true,"href":"https:\/\/www.internistore.com\/en\/wp-json\/wp\/v2\/product_brand?post=48400"},{"taxonomy":"product_cat","embeddable":true,"href":"https:\/\/www.internistore.com\/en\/wp-json\/wp\/v2\/product_cat?post=48400"},{"taxonomy":"product_tag","embeddable":true,"href":"https:\/\/www.internistore.com\/en\/wp-json\/wp\/v2\/product_tag?post=48400"}],"curies":[{"name":"wp","href":"https:\/\/api.w.org\/{rel}","templated":true}]}}