{"id":48057,"date":"2022-05-30T15:17:39","date_gmt":"2022-05-30T12:17:39","guid":{"rendered":"https:\/\/internishop.fabulous.gr\/product\/set-5-trays-sinan\/"},"modified":"2022-06-01T14:03:11","modified_gmt":"2022-06-01T14:03:11","slug":"set-5-trays-sinan","status":"publish","type":"product","link":"https:\/\/www.internistore.com\/en\/product\/set-5-trays-sinan\/","title":{"rendered":"Set\/5 Trays Sinan"},"content":{"rendered":"<p><font style=\"vertical-align: inherit;\"><font style=\"vertical-align: inherit;\">Set\/5 round trays. <\/font><font style=\"vertical-align: inherit;\">Dimensions: \u00d843 X H9cm, \u00d850 X H10cm, \u00d859 X H11cm, \u00d868 X H12cm, \u00d875 X H13cm.<\/font><\/font><\/p>\n","protected":false},"excerpt":{"rendered":"<p><font style=\"vertical-align: inherit;\"><font style=\"vertical-align: inherit;\">Set\/5 round trays. <\/font><font style=\"vertical-align: inherit;\">Dimensions: \u00d843 X H9cm, \u00d850 X H10cm, \u00d859 X H11cm, \u00d868 X H12cm, \u00d875 X H13cm.<\/font><\/font><\/p>\n","protected":false},"featured_media":16247,"template":"","meta":{"_acf_changed":false,"_et_pb_use_builder":"","_et_pb_old_content":"","_et_gb_content_width":""},"product_brand":[],"product_cat":[139,249],"product_tag":[],"class_list":{"0":"post-48057","1":"product","2":"type-product","3":"status-publish","4":"has-post-thumbnail","6":"product_cat-decoration","7":"product_cat-trays","8":"pa_manufacturer-affari","10":"first","11":"instock","12":"taxable","13":"shipping-taxable","14":"purchasable","15":"product-type-simple"},"acf":[],"_links":{"self":[{"href":"https:\/\/www.internistore.com\/en\/wp-json\/wp\/v2\/product\/48057","targetHints":{"allow":["GET"]}}],"collection":[{"href":"https:\/\/www.internistore.com\/en\/wp-json\/wp\/v2\/product"}],"about":[{"href":"https:\/\/www.internistore.com\/en\/wp-json\/wp\/v2\/types\/product"}],"wp:featuredmedia":[{"embeddable":true,"href":"https:\/\/www.internistore.com\/en\/wp-json\/wp\/v2\/media\/16247"}],"wp:attachment":[{"href":"https:\/\/www.internistore.com\/en\/wp-json\/wp\/v2\/media?parent=48057"}],"wp:term":[{"taxonomy":"product_brand","embeddable":true,"href":"https:\/\/www.internistore.com\/en\/wp-json\/wp\/v2\/product_brand?post=48057"},{"taxonomy":"product_cat","embeddable":true,"href":"https:\/\/www.internistore.com\/en\/wp-json\/wp\/v2\/product_cat?post=48057"},{"taxonomy":"product_tag","embeddable":true,"href":"https:\/\/www.internistore.com\/en\/wp-json\/wp\/v2\/product_tag?post=48057"}],"curies":[{"name":"wp","href":"https:\/\/api.w.org\/{rel}","templated":true}]}}