{"id":47702,"date":"2022-05-30T14:48:34","date_gmt":"2022-05-30T11:48:34","guid":{"rendered":"https:\/\/internishop.fabulous.gr\/product\/set-3-trays-maluku\/"},"modified":"2022-06-01T14:05:18","modified_gmt":"2022-06-01T14:05:18","slug":"set-3-trays-maluku","status":"publish","type":"product","link":"https:\/\/www.internistore.com\/en\/product\/set-3-trays-maluku\/","title":{"rendered":"Set\/3 trays Maluku"},"content":{"rendered":"<p><font style=\"vertical-align: inherit;\"><font style=\"vertical-align: inherit;\">Set\/3 trays in natural\/black color. <\/font><font style=\"vertical-align: inherit;\">Dimensions: \u00d832 X H10cm, \u00d841 X H11,5cm, \u00d849 X H14cm.<\/font><\/font><\/p>\n","protected":false},"excerpt":{"rendered":"<p><font style=\"vertical-align: inherit;\"><font style=\"vertical-align: inherit;\">Set\/3 trays in natural\/black color. <\/font><font style=\"vertical-align: inherit;\">Dimensions: \u00d832 X H10cm, \u00d841 X H11,5cm, \u00d849 X H14cm.<\/font><\/font><\/p>\n","protected":false},"featured_media":15209,"template":"","meta":{"_acf_changed":false,"_et_pb_use_builder":"","_et_pb_old_content":"","_et_gb_content_width":""},"product_brand":[],"product_cat":[144,225,312,355],"product_tag":[],"class_list":{"0":"post-47702","1":"product","2":"type-product","3":"status-publish","4":"has-post-thumbnail","6":"product_cat-144","7":"product_cat-225","8":"product_cat-312","9":"product_cat-accesories-2","10":"pa_manufacturer-pomax-2","12":"first","13":"outofstock","14":"taxable","15":"shipping-taxable","16":"purchasable","17":"product-type-simple"},"acf":[],"_links":{"self":[{"href":"https:\/\/www.internistore.com\/en\/wp-json\/wp\/v2\/product\/47702","targetHints":{"allow":["GET"]}}],"collection":[{"href":"https:\/\/www.internistore.com\/en\/wp-json\/wp\/v2\/product"}],"about":[{"href":"https:\/\/www.internistore.com\/en\/wp-json\/wp\/v2\/types\/product"}],"wp:featuredmedia":[{"embeddable":true,"href":"https:\/\/www.internistore.com\/en\/wp-json\/wp\/v2\/media\/15209"}],"wp:attachment":[{"href":"https:\/\/www.internistore.com\/en\/wp-json\/wp\/v2\/media?parent=47702"}],"wp:term":[{"taxonomy":"product_brand","embeddable":true,"href":"https:\/\/www.internistore.com\/en\/wp-json\/wp\/v2\/product_brand?post=47702"},{"taxonomy":"product_cat","embeddable":true,"href":"https:\/\/www.internistore.com\/en\/wp-json\/wp\/v2\/product_cat?post=47702"},{"taxonomy":"product_tag","embeddable":true,"href":"https:\/\/www.internistore.com\/en\/wp-json\/wp\/v2\/product_tag?post=47702"}],"curies":[{"name":"wp","href":"https:\/\/api.w.org\/{rel}","templated":true}]}}